{"id":821,"date":"2023-02-18T11:30:04","date_gmt":"2023-02-18T10:30:04","guid":{"rendered":"https:\/\/www.archiv-zessner-spitzenberg.at\/?page_id=821"},"modified":"2023-02-19T13:03:16","modified_gmt":"2023-02-19T12:03:16","slug":"hans-karl-von-zessner-spitzenberg","status":"publish","type":"page","link":"https:\/\/www.archiv-zessner-spitzenberg.at\/?page_id=821","title":{"rendered":"Hans-Karl Ze\u00dfner von Spitzenberg"},"content":{"rendered":"\t\t<div data-elementor-type=\"wp-page\" data-elementor-id=\"821\" class=\"elementor elementor-821\">\n\t\t\t\t\t\t<section class=\"elementor-section elementor-top-section elementor-element elementor-element-29f4e77 elementor-section-boxed elementor-section-height-default elementor-section-height-default\" data-id=\"29f4e77\" data-element_type=\"section\" data-e-type=\"section\">\n\t\t\t\t\t\t<div class=\"elementor-container elementor-column-gap-default\">\n\t\t\t\t\t<div class=\"elementor-column elementor-col-100 elementor-top-column elementor-element elementor-element-d75ac1b\" data-id=\"d75ac1b\" data-element_type=\"column\" data-e-type=\"column\">\n\t\t\t<div class=\"elementor-widget-wrap elementor-element-populated\">\n\t\t\t\t\t\t<div class=\"elementor-element elementor-element-753e9b1 elementor-widget elementor-widget-image\" data-id=\"753e9b1\" data-element_type=\"widget\" data-e-type=\"widget\" data-widget_type=\"image.default\">\n\t\t\t\t<div class=\"elementor-widget-container\">\n\t\t\t\t\t\t\t\t\t\t\t\t\t\t\t<img fetchpriority=\"high\" decoding=\"async\" width=\"222\" height=\"300\" src=\"https:\/\/www.archiv-zessner-spitzenberg.at\/wp-content\/uploads\/2023\/02\/Hans-Karl-Zessner-222x300.jpg\" class=\"attachment-medium size-medium wp-image-822\" alt=\"\" srcset=\"https:\/\/www.archiv-zessner-spitzenberg.at\/wp-content\/uploads\/2023\/02\/Hans-Karl-Zessner-222x300.jpg 222w, https:\/\/www.archiv-zessner-spitzenberg.at\/wp-content\/uploads\/2023\/02\/Hans-Karl-Zessner.jpg 444w\" sizes=\"(max-width: 222px) 100vw, 222px\" \/>\t\t\t\t\t\t\t\t\t\t\t\t\t\t\t<\/div>\n\t\t\t\t<\/div>\n\t\t\t\t\t<\/div>\n\t\t<\/div>\n\t\t\t\t\t<\/div>\n\t\t<\/section>\n\t\t\t\t<section class=\"elementor-section elementor-top-section elementor-element elementor-element-aca9c36 elementor-section-boxed elementor-section-height-default elementor-section-height-default\" data-id=\"aca9c36\" data-element_type=\"section\" data-e-type=\"section\">\n\t\t\t\t\t\t<div class=\"elementor-container elementor-column-gap-default\">\n\t\t\t\t\t<div class=\"elementor-column elementor-col-100 elementor-top-column elementor-element elementor-element-c8184ee\" data-id=\"c8184ee\" data-element_type=\"column\" data-e-type=\"column\">\n\t\t\t<div class=\"elementor-widget-wrap elementor-element-populated\">\n\t\t\t\t\t\t<div class=\"elementor-element elementor-element-7027f84 elementor-widget elementor-widget-text-editor\" data-id=\"7027f84\" data-element_type=\"widget\" data-e-type=\"widget\" data-widget_type=\"text-editor.default\">\n\t\t\t\t<div class=\"elementor-widget-container\">\n\t\t\t\t\t\t\t\t\t<p><span class=\"so-premium-web-font\" style=\"font-family: 'Alegreya Sans';\" data-web-font-module=\"google\" data-font-info=\"{&quot;font&quot;:&quot;Alegreya Sans&quot;,&quot;webfont&quot;:true,&quot;variant&quot;:null,&quot;module&quot;:&quot;google&quot;}\">1885-1938<\/span><\/p>\n<p><span class=\"so-premium-web-font\" style=\"font-family: 'Alegreya Sans';\" data-web-font-module=\"google\" data-font-info=\"{&quot;font&quot;:&quot;Alegreya Sans&quot;,&quot;webfont&quot;:true,&quot;variant&quot;:null,&quot;module&quot;:&quot;google&quot;}\">Hans Karl studierte Rechtswissenschaften in Prag und National\u00f6konomie in Berlin. Schon w\u00e4hrend seiner Studienzeit besch\u00e4ftigte er sich mit sozialen und politischen Fragen. Dies resultierte in einem von ihm ausgearbeiteten Kollektivvertrag, der auf der Herrschaft Dobritschan zur Anwendung kam und die soziale Situation der Landarbeiter wesentlich verbesserte. Nach einigen kleineren \u00c4mtern in Prag, Wien und Braunau wurde er 1919 in die Staatskanzlei berufen, wo er im Verfassungsdienst arbeitete und mit Hans Kelsen an der neuen \u00d6sterreichischen Verfassung arbeitete. Zus\u00e4tzlich habilitierte er sich 1920 an der Hochschule f\u00fcr Bodenkultur und lehrte dort als Privatdozent, seit 1931 als ordentlicher Professor f\u00fcr Arbeits- und Verfassungsrecht.<\/span><\/p>\n<p>Weltanschaulich blieb Hans Karl ein katholischer Monarchist. Schon kurz nach Ende des Ersten Weltkriegs initiierte er ein Gutachten, ob die Enteignung der Habsburger mit dem \u00f6sterreichischen Zivilrecht in Einklang stand. 1934 war er Mitglied einer Kommission, welche die Aufhebung der \u201eHabsburgergesetze\u201c vorbereitete. Er engagierte sich in allen m\u00f6glichen legitimistischen Vereinigungen wie dem Reichsbund der \u00d6sterreicher und den katholisch-\u00f6sterreichischen Landmannschaften. Zur exilierten Kaiserfamilie hielt er laufend Kontakt, unterst\u00fctzte Otto Habsburg bei dessen Jus-Studium und war Pr\u00e4sident einer Liga zur Seeligsprechung Kaiser Karls.<\/p><p>Beim \u201eAnschluss\u201c 1938 stand er damit weit oben auf den Verhaftungslisten und wurde bereits am 18. M\u00e4rz verhaftet. Dem dringenden Raten Otto Habsburgs, sich rechtzeitig ins Ausland abzusetzen, folgte Hans Karl nicht, weil er seine Familie nicht im Stich lassen wollte. Bis Juli war er in Gestapohaft, dann wurde er mit dem ersten \u00f6sterreichischen \u201eProminenten\u201c-Transport nach Dachau \u00fcberstellt. Von der SS schwer misshandelt kam er dort mit inneren Verletzungen an, wurde noch zu Schwerstarbeit gezwungen und erst am 31. Juli in die Krankenstation gebracht, wo er am n\u00e4chsten Tag starb.<\/p>\t\t\t\t\t\t\t\t<\/div>\n\t\t\t\t<\/div>\n\t\t\t\t\t<\/div>\n\t\t<\/div>\n\t\t\t\t\t<\/div>\n\t\t<\/section>\n\t\t\t\t<\/div>\n\t\t","protected":false},"excerpt":{"rendered":"<p>1885-1938 Hans Karl studierte Rechtswissenschaften in Prag und National\u00f6konomie in Berlin. Schon w\u00e4hrend seiner Studienzeit besch\u00e4ftigte er sich mit sozialen und politischen Fragen. Dies resultierte in einem von ihm ausgearbeiteten Kollektivvertrag, der auf der Herrschaft Dobritschan zur Anwendung kam und die soziale Situation der Landarbeiter wesentlich verbesserte. Nach einigen kleineren \u00c4mtern in Prag, Wien und [&hellip;]<\/p>\n","protected":false},"author":1,"featured_media":0,"parent":18,"menu_order":0,"comment_status":"closed","ping_status":"closed","template":"","meta":{"footnotes":""},"class_list":["post-821","page","type-page","status-publish","hentry","post"],"_links":{"self":[{"href":"https:\/\/www.archiv-zessner-spitzenberg.at\/index.php?rest_route=\/wp\/v2\/pages\/821","targetHints":{"allow":["GET"]}}],"collection":[{"href":"https:\/\/www.archiv-zessner-spitzenberg.at\/index.php?rest_route=\/wp\/v2\/pages"}],"about":[{"href":"https:\/\/www.archiv-zessner-spitzenberg.at\/index.php?rest_route=\/wp\/v2\/types\/page"}],"author":[{"embeddable":true,"href":"https:\/\/www.archiv-zessner-spitzenberg.at\/index.php?rest_route=\/wp\/v2\/users\/1"}],"replies":[{"embeddable":true,"href":"https:\/\/www.archiv-zessner-spitzenberg.at\/index.php?rest_route=%2Fwp%2Fv2%2Fcomments&post=821"}],"version-history":[{"count":8,"href":"https:\/\/www.archiv-zessner-spitzenberg.at\/index.php?rest_route=\/wp\/v2\/pages\/821\/revisions"}],"predecessor-version":[{"id":938,"href":"https:\/\/www.archiv-zessner-spitzenberg.at\/index.php?rest_route=\/wp\/v2\/pages\/821\/revisions\/938"}],"up":[{"embeddable":true,"href":"https:\/\/www.archiv-zessner-spitzenberg.at\/index.php?rest_route=\/wp\/v2\/pages\/18"}],"wp:attachment":[{"href":"https:\/\/www.archiv-zessner-spitzenberg.at\/index.php?rest_route=%2Fwp%2Fv2%2Fmedia&parent=821"}],"curies":[{"name":"wp","href":"https:\/\/api.w.org\/{rel}","templated":true}]}}