{"id":723,"date":"2023-02-18T11:02:40","date_gmt":"2023-02-18T10:02:40","guid":{"rendered":"https:\/\/www.archiv-zessner-spitzenberg.at\/?page_id=723"},"modified":"2023-02-18T11:03:48","modified_gmt":"2023-02-18T10:03:48","slug":"miklos-v-palffy-ab-erdoed","status":"publish","type":"page","link":"https:\/\/www.archiv-zessner-spitzenberg.at\/?page_id=723","title":{"rendered":"Mikl\u00f3s V. P\u00e1lffy ab Erd\u00f6d"},"content":{"rendered":"\t\t<div data-elementor-type=\"wp-page\" data-elementor-id=\"723\" class=\"elementor elementor-723\">\n\t\t\t\t\t\t<section class=\"elementor-section elementor-top-section elementor-element elementor-element-79f9249 elementor-section-boxed elementor-section-height-default elementor-section-height-default\" data-id=\"79f9249\" data-element_type=\"section\" data-e-type=\"section\">\n\t\t\t\t\t\t<div class=\"elementor-container elementor-column-gap-default\">\n\t\t\t\t\t<div class=\"elementor-column elementor-col-100 elementor-top-column elementor-element elementor-element-5cde8a0\" data-id=\"5cde8a0\" data-element_type=\"column\" data-e-type=\"column\">\n\t\t\t<div class=\"elementor-widget-wrap elementor-element-populated\">\n\t\t\t\t\t\t<div class=\"elementor-element elementor-element-ef677ed elementor-widget elementor-widget-text-editor\" data-id=\"ef677ed\" data-element_type=\"widget\" data-e-type=\"widget\" data-widget_type=\"text-editor.default\">\n\t\t\t\t<div class=\"elementor-widget-container\">\n\t\t\t\t\t\t\t\t\t<p><span class=\"so-premium-web-font\" style=\"font-family: 'Alegreya Sans';\" data-web-font-module=\"google\" data-font-info=\"{&quot;font&quot;:&quot;Alegreya Sans&quot;,&quot;webfont&quot;:true,&quot;variant&quot;:null,&quot;module&quot;:&quot;google&quot;}\">1657-1732<\/span><\/p><p><span class=\"so-premium-web-font\" style=\"font-family: 'Alegreya Sans';\" data-web-font-module=\"google\" data-font-info=\"{&quot;font&quot;:&quot;Alegreya Sans&quot;,&quot;webfont&quot;:true,&quot;variant&quot;:null,&quot;module&quot;:&quot;google&quot;}\">Nikolaus trat als junger Mann in die kaiserliche Armee ein und zeichnete sich mit seinem P\u00e1lffy\u2019schen Haidukencorps 1683 beim Entsatz von Wien aus. 1687 wurde er Kommandeur von Esztergom. In den folgenden Jahren war er an vielen Schlachten gegen die T\u00fcrken beteiligt. F\u00fcr seine Verdienste wurde er 1690 zum Generalfeldwachtmeister und 1692 zum Feldmarschallleutenant bef\u00f6rdert. 1718 r\u00fcckte er zum Generalfeldmarschall auf. Neben seiner milit\u00e4rischen Karriere war er auch Obristlandesk\u00e4mmerer in Ungarn, Schlosshauptmann von Pre\u00dfburg und Obriststallmeister der Kaiserin Eleonore. 1711 wurde er\u00a0 Ritter vom Goldenen Vlies. Im Ungarischen Landtag setzte er sich erfolgreich f\u00fcr die Annahme der Pragmatischen Sanktion ein.<\/span><\/p><p><span class=\"so-premium-web-font\" style=\"font-family: 'Alegreya Sans';\" data-web-font-module=\"google\" data-font-info=\"{&quot;font&quot;:&quot;Alegreya Sans&quot;,&quot;webfont&quot;:true,&quot;variant&quot;:null,&quot;module&quot;:&quot;google&quot;}\">Stammfolge:<\/span><\/p><p><span class=\"so-premium-web-font\" style=\"font-family: 'Alegreya Sans';\" data-web-font-module=\"google\" data-font-info=\"{&quot;font&quot;:&quot;Alegreya Sans&quot;,&quot;webfont&quot;:true,&quot;variant&quot;:null,&quot;module&quot;:&quot;google&quot;}\">P\u00e1lffy &gt; Buquoy &gt; Ze\u00dfner<\/span><\/p>\t\t\t\t\t\t\t\t<\/div>\n\t\t\t\t<\/div>\n\t\t\t\t\t<\/div>\n\t\t<\/div>\n\t\t\t\t\t<\/div>\n\t\t<\/section>\n\t\t\t\t<\/div>\n\t\t","protected":false},"excerpt":{"rendered":"<p>1657-1732 Nikolaus trat als junger Mann in die kaiserliche Armee ein und zeichnete sich mit seinem P\u00e1lffy\u2019schen Haidukencorps 1683 beim Entsatz von Wien aus. 1687 wurde er Kommandeur von Esztergom. In den folgenden Jahren war er an vielen Schlachten gegen die T\u00fcrken beteiligt. F\u00fcr seine Verdienste wurde er 1690 zum Generalfeldwachtmeister und 1692 zum Feldmarschallleutenant [&hellip;]<\/p>\n","protected":false},"author":1,"featured_media":0,"parent":18,"menu_order":0,"comment_status":"closed","ping_status":"closed","template":"","meta":{"footnotes":""},"class_list":["post-723","page","type-page","status-publish","hentry","post"],"_links":{"self":[{"href":"https:\/\/www.archiv-zessner-spitzenberg.at\/index.php?rest_route=\/wp\/v2\/pages\/723","targetHints":{"allow":["GET"]}}],"collection":[{"href":"https:\/\/www.archiv-zessner-spitzenberg.at\/index.php?rest_route=\/wp\/v2\/pages"}],"about":[{"href":"https:\/\/www.archiv-zessner-spitzenberg.at\/index.php?rest_route=\/wp\/v2\/types\/page"}],"author":[{"embeddable":true,"href":"https:\/\/www.archiv-zessner-spitzenberg.at\/index.php?rest_route=\/wp\/v2\/users\/1"}],"replies":[{"embeddable":true,"href":"https:\/\/www.archiv-zessner-spitzenberg.at\/index.php?rest_route=%2Fwp%2Fv2%2Fcomments&post=723"}],"version-history":[{"count":4,"href":"https:\/\/www.archiv-zessner-spitzenberg.at\/index.php?rest_route=\/wp\/v2\/pages\/723\/revisions"}],"predecessor-version":[{"id":728,"href":"https:\/\/www.archiv-zessner-spitzenberg.at\/index.php?rest_route=\/wp\/v2\/pages\/723\/revisions\/728"}],"up":[{"embeddable":true,"href":"https:\/\/www.archiv-zessner-spitzenberg.at\/index.php?rest_route=\/wp\/v2\/pages\/18"}],"wp:attachment":[{"href":"https:\/\/www.archiv-zessner-spitzenberg.at\/index.php?rest_route=%2Fwp%2Fv2%2Fmedia&parent=723"}],"curies":[{"name":"wp","href":"https:\/\/api.w.org\/{rel}","templated":true}]}}